{"id":1686,"date":"2025-01-22T01:48:46","date_gmt":"2025-01-21T22:48:46","guid":{"rendered":"https:\/\/armadaofsea.com\/gizlilik-ve-veri-politikasi\/"},"modified":"2025-02-15T15:30:40","modified_gmt":"2025-02-15T12:30:40","slug":"gizlilik-ve-veri-politikasi","status":"publish","type":"page","link":"https:\/\/armadaofsea.com\/tr\/gizlilik-ve-veri-politikasi\/","title":{"rendered":"Gizlilik ve Veri Politikas\u0131"},"content":{"rendered":"\t\t<div data-elementor-type=\"wp-page\" data-elementor-id=\"1686\" class=\"elementor elementor-1686 elementor-511\" data-elementor-post-type=\"page\">\n\t\t\t\t<div class=\"elementor-element elementor-element-3c7c83da e-flex e-con-boxed e-con e-parent\" data-id=\"3c7c83da\" data-element_type=\"container\" data-e-type=\"container\" data-settings=\"{&quot;jet_parallax_layout_list&quot;:[]}\">\n\t\t\t\t\t<div class=\"e-con-inner\">\n\t\t\t\t<div class=\"elementor-element elementor-element-6781543f elementor-widget elementor-widget-text-editor\" data-id=\"6781543f\" data-element_type=\"widget\" data-e-type=\"widget\" data-widget_type=\"text-editor.default\">\n\t\t\t\t<div class=\"elementor-widget-container\">\n\t\t\t\t\t\t\t\t\t<h3 style=\"text-align: justify;\">Gizlilik ve Veri Politikas\u0131<\/h3>\n<h4 style=\"text-align: justify;\">Armada Of Sea<br>Silent Core Studio taraf\u0131ndan i\u015fletiliyor<\/h4>\n<p style=\"text-align: justify;\">At Silent Core Studio, we value your privacy and are committed to protecting your personal data. This Privacy &amp; Data Policy outlines how we collect, use, and safeguard your information when you use Armada Of Sea.<\/p>\n<h4 style=\"text-align: justify;\">1. Toplad\u0131\u011f\u0131m\u0131z Bilgiler<\/h4>\n<p style=\"text-align: justify;\">Armada Of Sea&#8217;yi kulland\u0131\u011f\u0131n\u0131zda, a\u015fa\u011f\u0131daki bilgi t\u00fcrlerini toplayabiliriz:<\/p>\n<p style=\"text-align: justify;\">Ki\u015fisel Bilgiler: Bunlara ad\u0131n\u0131z, e-posta adresiniz ve bir hesap olu\u015ftururken veya bizimle ileti\u015fime ge\u00e7ti\u011finizde sa\u011flad\u0131\u011f\u0131n\u0131z di\u011fer ileti\u015fim bilgileri dahildir.<br>Kullan\u0131m Verileri: Oyunla etkile\u015fimlerinizle ilgili bilgiler, \u00f6rne\u011fin oyun etkinli\u011fi, oyun i\u00e7i sat\u0131n al\u0131mlar, tercihler ve ilerleme.<br>Cihaz Bilgileri: Kulland\u0131\u011f\u0131n\u0131z cihazla ilgili veriler, \u00f6rne\u011fin cihaz t\u00fcr\u00fc, i\u015fletim sistemi, taray\u0131c\u0131 t\u00fcr\u00fc ve benzersiz cihaz tan\u0131mlay\u0131c\u0131lar\u0131.<\/p>\n<h4 style=\"text-align: justify;\">2. Bilgilerinizi Nas\u0131l Kullan\u0131yoruz<\/h4>\n<p style=\"text-align: justify;\">Toplanan bilgileri a\u015fa\u011f\u0131daki ama\u00e7lar i\u00e7in kullan\u0131r\u0131z:<\/p>\n<p style=\"text-align: justify;\">Armada Of Sea&#8217;de oyun deneyiminizi sa\u011flamak ve geli\u015ftirmek.<br>Uygulama i\u00e7i sat\u0131n al\u0131mlar dahil olmak \u00fczere i\u015flemleri ger\u00e7ekle\u015ftirmek.<br>G\u00fcncellemeler, haber b\u00fcltenleri ve promosyon materyalleri g\u00f6ndermek dahil olmak \u00fczere sizinle ileti\u015fim kurmak.<br>Oyunumuzun ve hizmetlerimizin g\u00fcvenli\u011fini ve b\u00fct\u00fcnl\u00fc\u011f\u00fcn\u00fc korumak.<br>Yasal gerekliliklere uymak ve gerekirse anla\u015fmazl\u0131klar\u0131 \u00e7\u00f6zmek.<\/p>\n<h4 style=\"text-align: justify;\">3. Uygulama \u0130\u00e7i Sat\u0131n Al\u0131mlar<\/h4>\n<p style=\"text-align: justify;\">Armada Of Sea, iste\u011fe ba\u011fl\u0131 uygulama i\u00e7i sat\u0131n al\u0131mlar i\u00e7erir.<br>Bir sat\u0131n alma i\u015flemi yapmay\u0131 se\u00e7erseniz, \u00f6deme bilgileriniz \u00fc\u00e7\u00fcnc\u00fc taraf \u00f6deme sa\u011flay\u0131c\u0131lar\u0131 arac\u0131l\u0131\u011f\u0131yla g\u00fcvenli bir \u015fekilde i\u015flenecektir.<br>\u00d6deme bilgilerinizi sunucular\u0131m\u0131zda saklam\u0131yoruz.<\/p>\n<h4 style=\"text-align: justify;\">4. Bilgilerinizin Payla\u015f\u0131lmas\u0131<\/h4>\n<p style=\"text-align: justify;\">Verilerinizi a\u015fa\u011f\u0131daki ko\u015fullar alt\u0131nda payla\u015fabiliriz:<\/p>\n<p style=\"text-align: justify;\">Hizmet Sa\u011flay\u0131c\u0131larla: \u00d6deme i\u015flemcileri, analitik sa\u011flay\u0131c\u0131lar\u0131 veya oyunumuzu sunmam\u0131za ve geli\u015ftirmemize yard\u0131mc\u0131 olan m\u00fc\u015fteri destek ara\u00e7lar\u0131 gibi g\u00fcvenilir \u00fc\u00e7\u00fcnc\u00fc taraf hizmetleri.<br>Yasal Makamlarla: Yasa taraf\u0131ndan gerekli olmas\u0131 veya yasal haklar\u0131m\u0131z\u0131 korumak i\u00e7in bilgilerinizi h\u00fck\u00fcmet veya d\u00fczenleyici makamlarla payla\u015fabiliriz.<\/p>\n<h4 style=\"text-align: justify;\">5. Bilgilerinizin G\u00fcvenli\u011fi<\/h4>\n<p style=\"text-align: justify;\">We take reasonable measures to ensure the security of your personal information. This includes safeguards to protect against unauthorized access, loss, alteration, or misuse of your data. However, no system is entirely secure, and we cannot guarantee absolute security.<\/p>\n<h4 style=\"text-align: justify;\">6. Sizin Haklar\u0131n\u0131z<\/h4>\n<p style=\"text-align: justify;\">Ki\u015fisel verilerinizle ilgili olarak a\u015fa\u011f\u0131daki haklara sahipsiniz:<\/p>\n<p style=\"text-align: justify;\">Eri\u015fim: Hakk\u0131n\u0131zda tuttu\u011fumuz ki\u015fisel bilgilere eri\u015fim talebinde bulunabilirsiniz.<br>D\u00fczeltme: Yanl\u0131\u015f veya eksik bilgilerin d\u00fczeltilmesini talep edebilirsiniz.<br>Silme: Yasal y\u00fck\u00fcml\u00fcl\u00fcklerimize tabi olarak ki\u015fisel verilerinizin silinmesini talep edebilirsiniz.<br>Abonelikten \u00c7\u0131kma: Bu t\u00fcr mesajlarda verilen talimatlar\u0131 izleyerek veya do\u011frudan bizimle ileti\u015fime ge\u00e7erek promosyon ileti\u015fimleri almaktan vazge\u00e7ebilirsiniz.<\/p>\n<h4 style=\"text-align: justify;\">7. Bu Politikadaki De\u011fi\u015fiklikler<\/h4>\n<p style=\"text-align: justify;\">We may update this Privacy &amp; Data Policy from time to time. Any changes will be posted on this page, and we encourage you to review this policy periodically to stay informed about how we protect your data.<\/p>\n<h4 style=\"text-align: justify;\">8. Bize Ula\u015f\u0131n<\/h4>\n<p style=\"text-align: justify;\">Bu Gizlilik ve Veri Politikas\u0131 ile ilgili herhangi bir sorunuz, endi\u015feniz veya talebiniz varsa l\u00fctfen bizimle ileti\u015fime ge\u00e7in:<br>E-posta: info@armadaofsea.com<\/p>\n<p style=\"text-align: justify;\">Armada Of Sea oynad\u0131\u011f\u0131n\u0131z i\u00e7in te\u015fekk\u00fcrler!<br>G\u00fcveniniz bizim i\u00e7in \u00f6nemlidir ve g\u00fcvenli ve keyifli bir oyun deneyimi sa\u011flamaya kararl\u0131y\u0131z.<\/p>\t\t\t\t\t\t\t\t<\/div>\n\t\t\t\t<\/div>\n\t\t\t\t\t<\/div>\n\t\t\t\t<\/div>\n\t\t\t\t<\/div>\n\t\t","protected":false},"excerpt":{"rendered":"<p>Gizlilik ve Veri Politikas\u0131 Armada Of SeaSilent Core Studio taraf\u0131ndan i\u015fletiliyor At Silent Core Studio, we value your privacy and are committed to protecting your personal data. This Privacy &amp; Data Policy outlines how we collect, use, and safeguard your information when you use Armada Of Sea. 1. Toplad\u0131\u011f\u0131m\u0131z Bilgiler Armada Of Sea&#8217;yi kulland\u0131\u011f\u0131n\u0131zda, a\u015fa\u011f\u0131daki [&hellip;]<\/p>\n","protected":false},"author":1,"featured_media":0,"parent":0,"menu_order":32,"comment_status":"closed","ping_status":"closed","template":"","meta":{"footnotes":""},"class_list":["post-1686","page","type-page","status-publish","hentry"],"_links":{"self":[{"href":"https:\/\/armadaofsea.com\/tr\/wp-json\/wp\/v2\/pages\/1686","targetHints":{"allow":["GET"]}}],"collection":[{"href":"https:\/\/armadaofsea.com\/tr\/wp-json\/wp\/v2\/pages"}],"about":[{"href":"https:\/\/armadaofsea.com\/tr\/wp-json\/wp\/v2\/types\/page"}],"author":[{"embeddable":true,"href":"https:\/\/armadaofsea.com\/tr\/wp-json\/wp\/v2\/users\/1"}],"replies":[{"embeddable":true,"href":"https:\/\/armadaofsea.com\/tr\/wp-json\/wp\/v2\/comments?post=1686"}],"version-history":[{"count":3,"href":"https:\/\/armadaofsea.com\/tr\/wp-json\/wp\/v2\/pages\/1686\/revisions"}],"predecessor-version":[{"id":2027,"href":"https:\/\/armadaofsea.com\/tr\/wp-json\/wp\/v2\/pages\/1686\/revisions\/2027"}],"wp:attachment":[{"href":"https:\/\/armadaofsea.com\/tr\/wp-json\/wp\/v2\/media?parent=1686"}],"curies":[{"name":"wp","href":"https:\/\/api.w.org\/{rel}","templated":true}]}}